{"id":19599,"date":"2023-10-18T15:38:39","date_gmt":"2023-10-18T15:38:39","guid":{"rendered":"https:\/\/www.baslerpapiermuehle.ch\/courrier-de-reussite\/"},"modified":"2025-05-13T09:52:42","modified_gmt":"2025-05-13T09:52:42","slug":"courrier-de-reussite","status":"publish","type":"page","link":"https:\/\/www.baslerpapiermuehle.ch\/fr\/courrier-de-reussite\/","title":{"rendered":"courrier de r\u00e9ussite"},"content":{"rendered":"<p>[et_pb_section fb_built=\u00a0\u00bb1&Prime; _builder_version=\u00a0\u00bb4.22.2&Prime; _module_preset=\u00a0\u00bbdefault\u00a0\u00bb global_colors_info=\u00a0\u00bb{}\u00a0\u00bb][et_pb_row _builder_version=\u00a0\u00bb4.22.2&Prime; _module_preset=\u00a0\u00bbdefault\u00a0\u00bb max_width=\u00a0\u00bb900px\u00a0\u00bb custom_padding=\u00a0\u00bb3rem||4rem||false|false\u00a0\u00bb global_colors_info=\u00a0\u00bb{}\u00a0\u00bb][et_pb_column type=\u00a0\u00bb4_4&Prime; _builder_version=\u00a0\u00bb4.22.2&Prime; _module_preset=\u00a0\u00bbdefault\u00a0\u00bb global_colors_info=\u00a0\u00bb{}\u00a0\u00bb][et_pb_text _builder_version=\u00a0\u00bb4.27.4&Prime; _module_preset=\u00a0\u00bbdefault\u00a0\u00bb text_font_size=\u00a0\u00bb22px\u00a0\u00bb text_line_height=\u00a0\u00bb1.4em\u00a0\u00bb header_2_text_color=\u00a0\u00bb#445F65&Prime; header_2_font_size=\u00a0\u00bb3rem\u00a0\u00bb header_2_line_height=\u00a0\u00bb1.8em\u00a0\u00bb header_3_font=\u00a0\u00bb|||on|||||\u00a0\u00bb header_3_text_color=\u00a0\u00bb#000000&Prime; header_3_font_size=\u00a0\u00bb2rem\u00a0\u00bb hover_enabled=\u00a0\u00bb0&Prime; global_colors_info=\u00a0\u00bb{}\u00a0\u00bb sticky_enabled=\u00a0\u00bb0&Prime;]<\/p>\n<h2 style=\"text-align: center;\"><strong>Merci de votre attention !<\/strong><\/h2>\n<h3 style=\"text-align: center;\">Votre demande de visite a \u00e9t\u00e9 envoy\u00e9e<\/h3>\n<p style=\"text-align: center;\">Nous vous remercions d&rsquo;avoir pris contact avec nous pour demander une visite \u00e0 la<\/p>\n<p style=\"text-align: center;\"><span style=\"color: #000000;\"><strong> <img decoding=\"async\" class=\"wp-image-14897 aligncenter\" style=\"margin-bottom: -7px;\" src=\"https:\/\/www.baslerpapiermuehle.ch\/wp-content\/uploads\/2019\/12\/logo-Basler-Papiermuhle-grigio-2.png\" alt=\"\" width=\"362\" height=\"90\"><\/strong><\/span><\/p>\n<p style=\"text-align: center;\">Votre demande a \u00e9t\u00e9 soumise avec succ\u00e8s. Nous vous remercions de l&rsquo;int\u00e9r\u00eat que vous portez \u00e0 l&rsquo;exploration du monde du papier avec nous.<\/p>\n<p style=\"text-align: center;\">Notre \u00e9quipe examinera votre demande et vous contactera rapidement pour confirmer les d\u00e9tails de votre visite. Si vous avez des questions sp\u00e9cifiques ou des informations suppl\u00e9mentaires \u00e0 fournir, n&rsquo;h\u00e9sitez pas \u00e0 r\u00e9pondre \u00e0 l&rsquo;e-mail de confirmation que vous recevrez.<\/p>\n<p style=\"text-align: center;\">Nous nous r\u00e9jouissons de vous accueillir au Basler Papier Museum et de partager avec vous l&rsquo;histoire fascinante du papier !<\/p>\n<p>[\/et_pb_text][et_pb_button button_url=\u00a0\u00bb@ET-DC@eyJkeW5hbWljIjp0cnVlLCJjb250ZW50IjoiaG9tZV91cmwiLCJzZXR0aW5ncyI6eyJlbmFibGVfaHRtbCI6Im9mZiJ9fQ==@\u00a0\u00bb button_text=\u00a0\u00bbRetour \u00e0 la page d&#039;accueil\u00a0\u00bb button_alignment=\u00a0\u00bbcenter\u00a0\u00bb _builder_version=\u00a0\u00bb4.22.2&Prime; _dynamic_attributes=\u00a0\u00bbbutton_url\u00a0\u00bb _module_preset=\u00a0\u00bbdefault\u00a0\u00bb custom_button=\u00a0\u00bbon\u00a0\u00bb custom_margin=\u00a0\u00bb3rem||||false|false\u00a0\u00bb global_colors_info=\u00a0\u00bb{%22gcid-e353c93a-e35e-481d-bfa2-241d9048784a%22:%91%22button_text_color__hover%22%93}\u00a0\u00bb button_text_color__hover_enabled=\u00a0\u00bbon|hover\u00a0\u00bb button_text_color__hover=\u00a0\u00bb#6b6b6b\u00a0\u00bb button_bg_color__hover_enabled=\u00a0\u00bbon|hover\u00a0\u00bb button_bg_color__hover=\u00a0\u00bb#E5E5E5&Prime; button_bg_enable_color__hover=\u00a0\u00bbon\u00a0\u00bb][\/et_pb_button][\/et_pb_column][\/et_pb_row][\/et_pb_section]<\/p>\n","protected":false},"excerpt":{"rendered":"<p>Merci de votre attention ! Votre demande de visite a \u00e9t\u00e9 envoy\u00e9e Nous vous remercions d&rsquo;avoir pris contact avec nous pour demander une visite \u00e0 la Votre demande a \u00e9t\u00e9 soumise avec succ\u00e8s. Nous vous remercions de l&rsquo;int\u00e9r\u00eat que vous portez \u00e0 l&rsquo;exploration du monde du papier avec nous. Notre \u00e9quipe examinera votre demande et [&hellip;]<\/p>\n","protected":false},"author":1,"featured_media":0,"parent":0,"menu_order":0,"comment_status":"closed","ping_status":"closed","template":"","meta":{"_acf_changed":false,"_et_pb_use_builder":"on","_et_pb_old_content":"","_et_gb_content_width":"","footnotes":""},"class_list":["post-19599","page","type-page","status-publish","hentry"],"acf":[],"yoast_head":"<!-- This site is optimized with the Yoast SEO plugin v26.8 - https:\/\/yoast.com\/product\/yoast-seo-wordpress\/ -->\n<title>courrier de r\u00e9ussite - Basler Papierm\u00fchle<\/title>\n<meta name=\"robots\" content=\"index, follow, max-snippet:-1, max-image-preview:large, max-video-preview:-1\" \/>\n<link rel=\"canonical\" href=\"https:\/\/www.baslerpapiermuehle.ch\/fr\/courrier-de-reussite\/\" \/>\n<meta property=\"og:locale\" content=\"fr_FR\" \/>\n<meta property=\"og:type\" content=\"article\" \/>\n<meta property=\"og:title\" content=\"courrier de r\u00e9ussite - Basler Papierm\u00fchle\" \/>\n<meta property=\"og:description\" content=\"Merci de votre attention ! Votre demande de visite a \u00e9t\u00e9 envoy\u00e9e Nous vous remercions d&#039;avoir pris contact avec nous pour demander une visite \u00e0 la Votre demande a \u00e9t\u00e9 soumise avec succ\u00e8s. Nous vous remercions de l&#039;int\u00e9r\u00eat que vous portez \u00e0 l&#039;exploration du monde du papier avec nous. Notre \u00e9quipe examinera votre demande et [&hellip;]\" \/>\n<meta property=\"og:url\" content=\"https:\/\/www.baslerpapiermuehle.ch\/fr\/courrier-de-reussite\/\" \/>\n<meta property=\"og:site_name\" content=\"Basler Papierm\u00fchle\" \/>\n<meta property=\"article:publisher\" content=\"https:\/\/www.facebook.com\/baslerpapiermuehle\/\" \/>\n<meta property=\"article:modified_time\" content=\"2025-05-13T09:52:42+00:00\" \/>\n<meta property=\"og:image\" content=\"https:\/\/www.baslerpapiermuehle.ch\/wp-content\/uploads\/2019\/12\/logo-Basler-Papiermuhle-grigio-2.png\" \/>\n\t<meta property=\"og:image:width\" content=\"2044\" \/>\n\t<meta property=\"og:image:height\" content=\"508\" \/>\n\t<meta property=\"og:image:type\" content=\"image\/png\" \/>\n<meta name=\"twitter:card\" content=\"summary_large_image\" \/>\n<meta name=\"twitter:label1\" content=\"Dur\u00e9e de lecture estim\u00e9e\" \/>\n\t<meta name=\"twitter:data1\" content=\"2 minutes\" \/>\n<script type=\"application\/ld+json\" class=\"yoast-schema-graph\">{\"@context\":\"https:\/\/schema.org\",\"@graph\":[{\"@type\":\"WebPage\",\"@id\":\"https:\/\/www.baslerpapiermuehle.ch\/fr\/courrier-de-reussite\/\",\"url\":\"https:\/\/www.baslerpapiermuehle.ch\/fr\/courrier-de-reussite\/\",\"name\":\"courrier de r\u00e9ussite - Basler Papierm\u00fchle\",\"isPartOf\":{\"@id\":\"https:\/\/www.baslerpapiermuehle.ch\/#website\"},\"primaryImageOfPage\":{\"@id\":\"https:\/\/www.baslerpapiermuehle.ch\/fr\/courrier-de-reussite\/#primaryimage\"},\"image\":{\"@id\":\"https:\/\/www.baslerpapiermuehle.ch\/fr\/courrier-de-reussite\/#primaryimage\"},\"thumbnailUrl\":\"https:\/\/www.baslerpapiermuehle.ch\/wp-content\/uploads\/2019\/12\/logo-Basler-Papiermuhle-grigio-2.png\",\"datePublished\":\"2023-10-18T15:38:39+00:00\",\"dateModified\":\"2025-05-13T09:52:42+00:00\",\"breadcrumb\":{\"@id\":\"https:\/\/www.baslerpapiermuehle.ch\/fr\/courrier-de-reussite\/#breadcrumb\"},\"inLanguage\":\"fr-FR\",\"potentialAction\":[{\"@type\":\"ReadAction\",\"target\":[\"https:\/\/www.baslerpapiermuehle.ch\/fr\/courrier-de-reussite\/\"]}]},{\"@type\":\"ImageObject\",\"inLanguage\":\"fr-FR\",\"@id\":\"https:\/\/www.baslerpapiermuehle.ch\/fr\/courrier-de-reussite\/#primaryimage\",\"url\":\"https:\/\/www.baslerpapiermuehle.ch\/wp-content\/uploads\/2019\/12\/logo-Basler-Papiermuhle-grigio-2.png\",\"contentUrl\":\"https:\/\/www.baslerpapiermuehle.ch\/wp-content\/uploads\/2019\/12\/logo-Basler-Papiermuhle-grigio-2.png\"},{\"@type\":\"BreadcrumbList\",\"@id\":\"https:\/\/www.baslerpapiermuehle.ch\/fr\/courrier-de-reussite\/#breadcrumb\",\"itemListElement\":[{\"@type\":\"ListItem\",\"position\":1,\"name\":\"Home\",\"item\":\"https:\/\/www.baslerpapiermuehle.ch\/fr\/home-fr\/\"},{\"@type\":\"ListItem\",\"position\":2,\"name\":\"courrier de r\u00e9ussite\"}]},{\"@type\":\"WebSite\",\"@id\":\"https:\/\/www.baslerpapiermuehle.ch\/#website\",\"url\":\"https:\/\/www.baslerpapiermuehle.ch\/\",\"name\":\"Basler Papierm\u00fchle - Swiss Museum for Paper, Writing and Printing\",\"description\":\"Swiss Museum for Paper, Writing and Printing\",\"publisher\":{\"@id\":\"https:\/\/www.baslerpapiermuehle.ch\/#organization\"},\"potentialAction\":[{\"@type\":\"SearchAction\",\"target\":{\"@type\":\"EntryPoint\",\"urlTemplate\":\"https:\/\/www.baslerpapiermuehle.ch\/?s={search_term_string}\"},\"query-input\":{\"@type\":\"PropertyValueSpecification\",\"valueRequired\":true,\"valueName\":\"search_term_string\"}}],\"inLanguage\":\"fr-FR\"},{\"@type\":\"Organization\",\"@id\":\"https:\/\/www.baslerpapiermuehle.ch\/#organization\",\"name\":\"Basler Papierm\u00fchle Museum\",\"url\":\"https:\/\/www.baslerpapiermuehle.ch\/\",\"logo\":{\"@type\":\"ImageObject\",\"inLanguage\":\"fr-FR\",\"@id\":\"https:\/\/www.baslerpapiermuehle.ch\/#\/schema\/logo\/image\/\",\"url\":\"https:\/\/www.baslerpapiermuehle.ch\/wp-content\/uploads\/2019\/12\/logo-Basler-Papiermuhle-marrone-1.png\",\"contentUrl\":\"https:\/\/www.baslerpapiermuehle.ch\/wp-content\/uploads\/2019\/12\/logo-Basler-Papiermuhle-marrone-1.png\",\"width\":2051,\"height\":530,\"caption\":\"Basler Papierm\u00fchle Museum\"},\"image\":{\"@id\":\"https:\/\/www.baslerpapiermuehle.ch\/#\/schema\/logo\/image\/\"},\"sameAs\":[\"https:\/\/www.facebook.com\/baslerpapiermuehle\/\"]}]}<\/script>\n<!-- \/ Yoast SEO plugin. -->","yoast_head_json":{"title":"courrier de r\u00e9ussite - Basler Papierm\u00fchle","robots":{"index":"index","follow":"follow","max-snippet":"max-snippet:-1","max-image-preview":"max-image-preview:large","max-video-preview":"max-video-preview:-1"},"canonical":"https:\/\/www.baslerpapiermuehle.ch\/fr\/courrier-de-reussite\/","og_locale":"fr_FR","og_type":"article","og_title":"courrier de r\u00e9ussite - Basler Papierm\u00fchle","og_description":"Merci de votre attention ! Votre demande de visite a \u00e9t\u00e9 envoy\u00e9e Nous vous remercions d'avoir pris contact avec nous pour demander une visite \u00e0 la Votre demande a \u00e9t\u00e9 soumise avec succ\u00e8s. Nous vous remercions de l'int\u00e9r\u00eat que vous portez \u00e0 l'exploration du monde du papier avec nous. Notre \u00e9quipe examinera votre demande et [&hellip;]","og_url":"https:\/\/www.baslerpapiermuehle.ch\/fr\/courrier-de-reussite\/","og_site_name":"Basler Papierm\u00fchle","article_publisher":"https:\/\/www.facebook.com\/baslerpapiermuehle\/","article_modified_time":"2025-05-13T09:52:42+00:00","og_image":[{"width":2044,"height":508,"url":"https:\/\/www.baslerpapiermuehle.ch\/wp-content\/uploads\/2019\/12\/logo-Basler-Papiermuhle-grigio-2.png","type":"image\/png"}],"twitter_card":"summary_large_image","twitter_misc":{"Dur\u00e9e de lecture estim\u00e9e":"2 minutes"},"schema":{"@context":"https:\/\/schema.org","@graph":[{"@type":"WebPage","@id":"https:\/\/www.baslerpapiermuehle.ch\/fr\/courrier-de-reussite\/","url":"https:\/\/www.baslerpapiermuehle.ch\/fr\/courrier-de-reussite\/","name":"courrier de r\u00e9ussite - Basler Papierm\u00fchle","isPartOf":{"@id":"https:\/\/www.baslerpapiermuehle.ch\/#website"},"primaryImageOfPage":{"@id":"https:\/\/www.baslerpapiermuehle.ch\/fr\/courrier-de-reussite\/#primaryimage"},"image":{"@id":"https:\/\/www.baslerpapiermuehle.ch\/fr\/courrier-de-reussite\/#primaryimage"},"thumbnailUrl":"https:\/\/www.baslerpapiermuehle.ch\/wp-content\/uploads\/2019\/12\/logo-Basler-Papiermuhle-grigio-2.png","datePublished":"2023-10-18T15:38:39+00:00","dateModified":"2025-05-13T09:52:42+00:00","breadcrumb":{"@id":"https:\/\/www.baslerpapiermuehle.ch\/fr\/courrier-de-reussite\/#breadcrumb"},"inLanguage":"fr-FR","potentialAction":[{"@type":"ReadAction","target":["https:\/\/www.baslerpapiermuehle.ch\/fr\/courrier-de-reussite\/"]}]},{"@type":"ImageObject","inLanguage":"fr-FR","@id":"https:\/\/www.baslerpapiermuehle.ch\/fr\/courrier-de-reussite\/#primaryimage","url":"https:\/\/www.baslerpapiermuehle.ch\/wp-content\/uploads\/2019\/12\/logo-Basler-Papiermuhle-grigio-2.png","contentUrl":"https:\/\/www.baslerpapiermuehle.ch\/wp-content\/uploads\/2019\/12\/logo-Basler-Papiermuhle-grigio-2.png"},{"@type":"BreadcrumbList","@id":"https:\/\/www.baslerpapiermuehle.ch\/fr\/courrier-de-reussite\/#breadcrumb","itemListElement":[{"@type":"ListItem","position":1,"name":"Home","item":"https:\/\/www.baslerpapiermuehle.ch\/fr\/home-fr\/"},{"@type":"ListItem","position":2,"name":"courrier de r\u00e9ussite"}]},{"@type":"WebSite","@id":"https:\/\/www.baslerpapiermuehle.ch\/#website","url":"https:\/\/www.baslerpapiermuehle.ch\/","name":"Basler Papierm\u00fchle - Swiss Museum for Paper, Writing and Printing","description":"Swiss Museum for Paper, Writing and Printing","publisher":{"@id":"https:\/\/www.baslerpapiermuehle.ch\/#organization"},"potentialAction":[{"@type":"SearchAction","target":{"@type":"EntryPoint","urlTemplate":"https:\/\/www.baslerpapiermuehle.ch\/?s={search_term_string}"},"query-input":{"@type":"PropertyValueSpecification","valueRequired":true,"valueName":"search_term_string"}}],"inLanguage":"fr-FR"},{"@type":"Organization","@id":"https:\/\/www.baslerpapiermuehle.ch\/#organization","name":"Basler Papierm\u00fchle Museum","url":"https:\/\/www.baslerpapiermuehle.ch\/","logo":{"@type":"ImageObject","inLanguage":"fr-FR","@id":"https:\/\/www.baslerpapiermuehle.ch\/#\/schema\/logo\/image\/","url":"https:\/\/www.baslerpapiermuehle.ch\/wp-content\/uploads\/2019\/12\/logo-Basler-Papiermuhle-marrone-1.png","contentUrl":"https:\/\/www.baslerpapiermuehle.ch\/wp-content\/uploads\/2019\/12\/logo-Basler-Papiermuhle-marrone-1.png","width":2051,"height":530,"caption":"Basler Papierm\u00fchle Museum"},"image":{"@id":"https:\/\/www.baslerpapiermuehle.ch\/#\/schema\/logo\/image\/"},"sameAs":["https:\/\/www.facebook.com\/baslerpapiermuehle\/"]}]}},"_links":{"self":[{"href":"https:\/\/www.baslerpapiermuehle.ch\/fr\/wp-json\/wp\/v2\/pages\/19599","targetHints":{"allow":["GET"]}}],"collection":[{"href":"https:\/\/www.baslerpapiermuehle.ch\/fr\/wp-json\/wp\/v2\/pages"}],"about":[{"href":"https:\/\/www.baslerpapiermuehle.ch\/fr\/wp-json\/wp\/v2\/types\/page"}],"author":[{"embeddable":true,"href":"https:\/\/www.baslerpapiermuehle.ch\/fr\/wp-json\/wp\/v2\/users\/1"}],"replies":[{"embeddable":true,"href":"https:\/\/www.baslerpapiermuehle.ch\/fr\/wp-json\/wp\/v2\/comments?post=19599"}],"version-history":[{"count":0,"href":"https:\/\/www.baslerpapiermuehle.ch\/fr\/wp-json\/wp\/v2\/pages\/19599\/revisions"}],"wp:attachment":[{"href":"https:\/\/www.baslerpapiermuehle.ch\/fr\/wp-json\/wp\/v2\/media?parent=19599"}],"curies":[{"name":"wp","href":"https:\/\/api.w.org\/{rel}","templated":true}]}}